{"id":135,"date":"2021-07-15T09:42:34","date_gmt":"2021-07-15T09:42:34","guid":{"rendered":"https:\/\/www.havgrim.fo\/?page_id=135"},"modified":"2022-07-02T22:54:49","modified_gmt":"2022-07-02T22:54:49","slug":"about","status":"publish","type":"page","link":"https:\/\/www.havgrim.fo\/en\/about\/","title":{"rendered":"About Havgr\u00edm"},"content":{"rendered":"\n<figure class=\"wp-block-image alignfull\"><img loading=\"lazy\" decoding=\"async\" width=\"1920\" height=\"1079\" src=\"https:\/\/www.havgrim.fo\/wp-content\/uploads\/2021\/11\/Habgrim-garden-21.jpg\" alt=\"\" class=\"wp-image-1110\" srcset=\"https:\/\/www.havgrim.fo\/wp-content\/uploads\/2021\/11\/Habgrim-garden-21.jpg 1920w, https:\/\/www.havgrim.fo\/wp-content\/uploads\/2021\/11\/Habgrim-garden-21-600x337.jpg 600w\" sizes=\"auto, (max-width: 1920px) 100vw, 1920px\" \/><\/figure>\n\n\n\n<div style=\"height:50px\" aria-hidden=\"true\" class=\"wp-block-spacer\"><\/div>\n\n\n\n<h2 class=\"has-text-align-center wp-block-heading\">About Havgr\u00edm Seaside Hotel 1948<\/h2>\n\n\n\n<p>Built in 1948, just three years after the end of the Second World War, it was a house like none other in the Faroe Islands.<\/p>\n\n\n\n<p>Havgr\u00edmur Johannesen from T\u00f3rshavn built the house. It was designed by Ey\u00f0\u00e1lvur \u00e1 Heygum to Havgr\u00edm\u2019s specifications, taking inspiration from his many sailing trips to Great Britain. The house was to have a stately entrance, conservatory with steps leading down to the garden, a study and servant\u2019s rooms. In 1952 the house was sold to the Danish State.<\/p>\n\n\n\n<p>No less than 21 Danish Commodores and their families have made the house their home. Hanging in the reception is a list of the names of all the dignitaries who have lived there.<\/p>\n\n\n\n<p>The last Commodore left in 2013 and an agreement was made with the Danish State, that the Faroese Government would take over responsibility for the house. However in 2016 the Government decided to sell the house.<\/p>\n\n\n\n<p>06.06.2017 Ltd. purchased the property on the 1st of February 2017<\/p>\n\n\n\n<div style=\"height:20px\" aria-hidden=\"true\" class=\"wp-block-spacer\"><\/div>\n\n\n\n<blockquote class=\"wp-block-quote is-layout-flow wp-block-quote-is-layout-flow\"><p>Havgr\u00edmur Johannesen from T\u00f3rshavn built the house. It was designed by Ey\u00f0\u00e1lvur \u00e1 Heygum to Havgr\u00edm\u2019s specifications, taking inspiration from his many sailing trips to Great Britain. The house was to have a stately entrance, conservatory with steps leading down to the garden, a study and servant\u2019s rooms.<\/p><\/blockquote>\n\n\n\n<div style=\"height:50px\" aria-hidden=\"true\" class=\"wp-block-spacer\"><\/div>\n\n\n\n<figure class=\"wp-block-gallery has-nested-images columns-default is-cropped wp-block-gallery-1 is-layout-flex wp-block-gallery-is-layout-flex\">\n<figure class=\"wp-block-image size-medium\"><a href=\"https:\/\/www.havgrim.fo\/wp-content\/uploads\/2021\/11\/before-1.jpg\"><img loading=\"lazy\" decoding=\"async\" width=\"536\" height=\"751\" data-id=\"1244\" src=\"https:\/\/www.havgrim.fo\/wp-content\/uploads\/2021\/11\/before-1.jpg\" alt=\"\" class=\"wp-image-1244\"\/><\/a><\/figure>\n\n\n\n<figure class=\"wp-block-image size-medium\"><a href=\"https:\/\/www.havgrim.fo\/wp-content\/uploads\/2021\/11\/after.jpg\"><img loading=\"lazy\" decoding=\"async\" width=\"600\" height=\"800\" data-id=\"1242\" src=\"https:\/\/www.havgrim.fo\/wp-content\/uploads\/2021\/11\/after-600x800.jpg\" alt=\"\" class=\"wp-image-1242\" srcset=\"https:\/\/www.havgrim.fo\/wp-content\/uploads\/2021\/11\/after-600x800.jpg 600w, https:\/\/www.havgrim.fo\/wp-content\/uploads\/2021\/11\/after.jpg 720w\" sizes=\"auto, (max-width: 600px) 100vw, 600px\" \/><\/a><\/figure>\n<\/figure>\n\n\n\n<div style=\"height:131px\" aria-hidden=\"true\" class=\"wp-block-spacer\"><\/div>\n\n\n\n<div style=\"height:50px\" aria-hidden=\"true\" class=\"wp-block-spacer\"><\/div>\n","protected":false},"excerpt":{"rendered":"<p>About Havgr\u00edm Seaside Hotel 1948 Built in 1948, just three years after the end of the Second World War, it was a house like none other in the Faroe Islands. Havgr\u00edmur Johannesen from T\u00f3rshavn built the house. It was designed by Ey\u00f0\u00e1lvur \u00e1 Heygum to Havgr\u00edm\u2019s specifications, taking inspiration from his many sailing trips to [&hellip;]<\/p>\n","protected":false},"author":1,"featured_media":1110,"parent":0,"menu_order":0,"comment_status":"closed","ping_status":"closed","template":"","meta":{"_acf_changed":false,"footnotes":""},"class_list":["post-135","page","type-page","status-publish","has-post-thumbnail","hentry"],"acf":[],"yoast_head":"<!-- This site is optimized with the Yoast SEO plugin v27.3 - https:\/\/yoast.com\/product\/yoast-seo-wordpress\/ -->\n<title>About Havgr\u00edm - Havgr\u00edm Seaside Hotel 1948<\/title>\n<meta name=\"robots\" content=\"index, follow, max-snippet:-1, max-image-preview:large, max-video-preview:-1\" \/>\n<link rel=\"canonical\" href=\"https:\/\/www.havgrim.fo\/en\/about\/\" \/>\n<meta property=\"og:locale\" content=\"en_US\" \/>\n<meta property=\"og:type\" content=\"article\" \/>\n<meta property=\"og:title\" content=\"About Havgr\u00edm - Havgr\u00edm Seaside Hotel 1948\" \/>\n<meta property=\"og:description\" content=\"About Havgr\u00edm Seaside Hotel 1948 Built in 1948, just three years after the end of the Second World War, it was a house like none other in the Faroe Islands. Havgr\u00edmur Johannesen from T\u00f3rshavn built the house. It was designed by Ey\u00f0\u00e1lvur \u00e1 Heygum to Havgr\u00edm\u2019s specifications, taking inspiration from his many sailing trips to [&hellip;]\" \/>\n<meta property=\"og:url\" content=\"https:\/\/www.havgrim.fo\/en\/about\/\" \/>\n<meta property=\"og:site_name\" content=\"Havgr\u00edm Seaside Hotel 1948\" \/>\n<meta property=\"article:modified_time\" content=\"2022-07-02T22:54:49+00:00\" \/>\n<meta property=\"og:image\" content=\"https:\/\/www.havgrim.fo\/wp-content\/uploads\/2021\/11\/Habgrim-garden-21.jpg\" \/>\n\t<meta property=\"og:image:width\" content=\"1920\" \/>\n\t<meta property=\"og:image:height\" content=\"1079\" \/>\n\t<meta property=\"og:image:type\" content=\"image\/jpeg\" \/>\n<meta name=\"twitter:card\" content=\"summary_large_image\" \/>\n<meta name=\"twitter:label1\" content=\"Est. reading time\" \/>\n\t<meta name=\"twitter:data1\" content=\"2 minutes\" \/>\n<script type=\"application\/ld+json\" class=\"yoast-schema-graph\">{\"@context\":\"https:\\\/\\\/schema.org\",\"@graph\":[{\"@type\":\"WebPage\",\"@id\":\"https:\\\/\\\/www.havgrim.fo\\\/en\\\/about\\\/\",\"url\":\"https:\\\/\\\/www.havgrim.fo\\\/en\\\/about\\\/\",\"name\":\"About Havgr\u00edm - Havgr\u00edm Seaside Hotel 1948\",\"isPartOf\":{\"@id\":\"https:\\\/\\\/www.havgrim.fo\\\/en\\\/#website\"},\"primaryImageOfPage\":{\"@id\":\"https:\\\/\\\/www.havgrim.fo\\\/en\\\/about\\\/#primaryimage\"},\"image\":{\"@id\":\"https:\\\/\\\/www.havgrim.fo\\\/en\\\/about\\\/#primaryimage\"},\"thumbnailUrl\":\"https:\\\/\\\/www.havgrim.fo\\\/wp-content\\\/uploads\\\/2021\\\/11\\\/Habgrim-garden-21.jpg\",\"datePublished\":\"2021-07-15T09:42:34+00:00\",\"dateModified\":\"2022-07-02T22:54:49+00:00\",\"breadcrumb\":{\"@id\":\"https:\\\/\\\/www.havgrim.fo\\\/en\\\/about\\\/#breadcrumb\"},\"inLanguage\":\"en-US\",\"potentialAction\":[{\"@type\":\"ReadAction\",\"target\":[\"https:\\\/\\\/www.havgrim.fo\\\/en\\\/about\\\/\"]}]},{\"@type\":\"ImageObject\",\"inLanguage\":\"en-US\",\"@id\":\"https:\\\/\\\/www.havgrim.fo\\\/en\\\/about\\\/#primaryimage\",\"url\":\"https:\\\/\\\/www.havgrim.fo\\\/wp-content\\\/uploads\\\/2021\\\/11\\\/Habgrim-garden-21.jpg\",\"contentUrl\":\"https:\\\/\\\/www.havgrim.fo\\\/wp-content\\\/uploads\\\/2021\\\/11\\\/Habgrim-garden-21.jpg\",\"width\":1920,\"height\":1079},{\"@type\":\"BreadcrumbList\",\"@id\":\"https:\\\/\\\/www.havgrim.fo\\\/en\\\/about\\\/#breadcrumb\",\"itemListElement\":[{\"@type\":\"ListItem\",\"position\":1,\"name\":\"Home\",\"item\":\"https:\\\/\\\/www.havgrim.fo\\\/en\\\/\"},{\"@type\":\"ListItem\",\"position\":2,\"name\":\"About Havgr\u00edm\"}]},{\"@type\":\"WebSite\",\"@id\":\"https:\\\/\\\/www.havgrim.fo\\\/en\\\/#website\",\"url\":\"https:\\\/\\\/www.havgrim.fo\\\/en\\\/\",\"name\":\"Havgr\u00edm Seaside Hotel 1948\",\"description\":\"Havgr\u00edm Seaside Hotel 1948\",\"potentialAction\":[{\"@type\":\"SearchAction\",\"target\":{\"@type\":\"EntryPoint\",\"urlTemplate\":\"https:\\\/\\\/www.havgrim.fo\\\/en\\\/?s={search_term_string}\"},\"query-input\":{\"@type\":\"PropertyValueSpecification\",\"valueRequired\":true,\"valueName\":\"search_term_string\"}}],\"inLanguage\":\"en-US\"}]}<\/script>\n<!-- \/ Yoast SEO plugin. -->","yoast_head_json":{"title":"About Havgr\u00edm - Havgr\u00edm Seaside Hotel 1948","robots":{"index":"index","follow":"follow","max-snippet":"max-snippet:-1","max-image-preview":"max-image-preview:large","max-video-preview":"max-video-preview:-1"},"canonical":"https:\/\/www.havgrim.fo\/en\/about\/","og_locale":"en_US","og_type":"article","og_title":"About Havgr\u00edm - Havgr\u00edm Seaside Hotel 1948","og_description":"About Havgr\u00edm Seaside Hotel 1948 Built in 1948, just three years after the end of the Second World War, it was a house like none other in the Faroe Islands. Havgr\u00edmur Johannesen from T\u00f3rshavn built the house. It was designed by Ey\u00f0\u00e1lvur \u00e1 Heygum to Havgr\u00edm\u2019s specifications, taking inspiration from his many sailing trips to [&hellip;]","og_url":"https:\/\/www.havgrim.fo\/en\/about\/","og_site_name":"Havgr\u00edm Seaside Hotel 1948","article_modified_time":"2022-07-02T22:54:49+00:00","og_image":[{"width":1920,"height":1079,"url":"https:\/\/www.havgrim.fo\/wp-content\/uploads\/2021\/11\/Habgrim-garden-21.jpg","type":"image\/jpeg"}],"twitter_card":"summary_large_image","twitter_misc":{"Est. reading time":"2 minutes"},"schema":{"@context":"https:\/\/schema.org","@graph":[{"@type":"WebPage","@id":"https:\/\/www.havgrim.fo\/en\/about\/","url":"https:\/\/www.havgrim.fo\/en\/about\/","name":"About Havgr\u00edm - Havgr\u00edm Seaside Hotel 1948","isPartOf":{"@id":"https:\/\/www.havgrim.fo\/en\/#website"},"primaryImageOfPage":{"@id":"https:\/\/www.havgrim.fo\/en\/about\/#primaryimage"},"image":{"@id":"https:\/\/www.havgrim.fo\/en\/about\/#primaryimage"},"thumbnailUrl":"https:\/\/www.havgrim.fo\/wp-content\/uploads\/2021\/11\/Habgrim-garden-21.jpg","datePublished":"2021-07-15T09:42:34+00:00","dateModified":"2022-07-02T22:54:49+00:00","breadcrumb":{"@id":"https:\/\/www.havgrim.fo\/en\/about\/#breadcrumb"},"inLanguage":"en-US","potentialAction":[{"@type":"ReadAction","target":["https:\/\/www.havgrim.fo\/en\/about\/"]}]},{"@type":"ImageObject","inLanguage":"en-US","@id":"https:\/\/www.havgrim.fo\/en\/about\/#primaryimage","url":"https:\/\/www.havgrim.fo\/wp-content\/uploads\/2021\/11\/Habgrim-garden-21.jpg","contentUrl":"https:\/\/www.havgrim.fo\/wp-content\/uploads\/2021\/11\/Habgrim-garden-21.jpg","width":1920,"height":1079},{"@type":"BreadcrumbList","@id":"https:\/\/www.havgrim.fo\/en\/about\/#breadcrumb","itemListElement":[{"@type":"ListItem","position":1,"name":"Home","item":"https:\/\/www.havgrim.fo\/en\/"},{"@type":"ListItem","position":2,"name":"About Havgr\u00edm"}]},{"@type":"WebSite","@id":"https:\/\/www.havgrim.fo\/en\/#website","url":"https:\/\/www.havgrim.fo\/en\/","name":"Havgr\u00edm Seaside Hotel 1948","description":"Havgr\u00edm Seaside Hotel 1948","potentialAction":[{"@type":"SearchAction","target":{"@type":"EntryPoint","urlTemplate":"https:\/\/www.havgrim.fo\/en\/?s={search_term_string}"},"query-input":{"@type":"PropertyValueSpecification","valueRequired":true,"valueName":"search_term_string"}}],"inLanguage":"en-US"}]}},"_links":{"self":[{"href":"https:\/\/www.havgrim.fo\/en\/wp-json\/wp\/v2\/pages\/135","targetHints":{"allow":["GET"]}}],"collection":[{"href":"https:\/\/www.havgrim.fo\/en\/wp-json\/wp\/v2\/pages"}],"about":[{"href":"https:\/\/www.havgrim.fo\/en\/wp-json\/wp\/v2\/types\/page"}],"author":[{"embeddable":true,"href":"https:\/\/www.havgrim.fo\/en\/wp-json\/wp\/v2\/users\/1"}],"replies":[{"embeddable":true,"href":"https:\/\/www.havgrim.fo\/en\/wp-json\/wp\/v2\/comments?post=135"}],"version-history":[{"count":35,"href":"https:\/\/www.havgrim.fo\/en\/wp-json\/wp\/v2\/pages\/135\/revisions"}],"predecessor-version":[{"id":2553,"href":"https:\/\/www.havgrim.fo\/en\/wp-json\/wp\/v2\/pages\/135\/revisions\/2553"}],"wp:featuredmedia":[{"embeddable":true,"href":"https:\/\/www.havgrim.fo\/en\/wp-json\/wp\/v2\/media\/1110"}],"wp:attachment":[{"href":"https:\/\/www.havgrim.fo\/en\/wp-json\/wp\/v2\/media?parent=135"}],"curies":[{"name":"wp","href":"https:\/\/api.w.org\/{rel}","templated":true}]}}