{"id":1885,"date":"2021-12-07T10:51:13","date_gmt":"2021-12-07T10:51:13","guid":{"rendered":"https:\/\/www.havgrim.fo\/?page_id=1885"},"modified":"2023-03-07T10:03:19","modified_gmt":"2023-03-07T10:03:19","slug":"privacy-policy","status":"publish","type":"page","link":"https:\/\/www.havgrim.fo\/en\/privacy-policy\/","title":{"rendered":"Privacy Policy"},"content":{"rendered":"\n<div class=\"wp-block-cover alignfull is-light\"><span aria-hidden=\"true\" class=\"wp-block-cover__background has-background-dim\"><\/span><img loading=\"lazy\" decoding=\"async\" width=\"1920\" height=\"1080\" class=\"wp-block-cover__image-background wp-image-774\" alt=\"\" src=\"https:\/\/www.havgrim.fo\/wp-content\/uploads\/2021\/11\/Havgrim-Timelapse-m4v-image.jpg\" style=\"object-position:52% 23%\" data-object-fit=\"cover\" data-object-position=\"52% 23%\" srcset=\"https:\/\/www.havgrim.fo\/wp-content\/uploads\/2021\/11\/Havgrim-Timelapse-m4v-image.jpg 1920w, https:\/\/www.havgrim.fo\/wp-content\/uploads\/2021\/11\/Havgrim-Timelapse-m4v-image-600x338.jpg 600w\" sizes=\"auto, (max-width: 1920px) 100vw, 1920px\" \/><div class=\"wp-block-cover__inner-container is-layout-flow wp-block-cover-is-layout-flow\">\n<h1 class=\"has-text-align-center wp-block-heading\">Privacy Policy<\/h1>\n<\/div><\/div>\n\n\n\n<div style=\"height:50px\" aria-hidden=\"true\" class=\"wp-block-spacer\"><\/div>\n\n\n\n<p>The Faroese Data Protection Act, regulation issued on the basis of the DPA, and The General Data Protection Regulations (GDPR) which is EU wide, seek to protect and enhance the rights of data subjects. These rights cover the safeguarding of personal data, protection against the unlawful processing of personal data and the unrestricted movement of personal data within the EU. It should be noted that GDPR does not apply to information already in the public domain.<\/p>\n\n\n\n<h2 class=\"wp-block-heading\">Who we are<\/h2>\n\n\n\n<p>Website address is: https:\/\/www.havgrim.fo.<\/p>\n\n\n\n<h2 class=\"wp-block-heading\">What personal data we collect and why we collect it<\/h2>\n\n\n\n<h3 class=\"wp-block-heading\">Comments<\/h3>\n\n\n\n<p>When visitors leave comments on the site we collect the data shown in the comments form, and also the visitor\u2019s IP address and browser user agent string to help spam detection.<\/p>\n\n\n\n<p>An anonymized string created from your email address (also called a hash) may be provided to the Gravatar service to see if you are using it. The Gravatar service privacy policy is available here: https:\/\/automattic.com\/privacy\/. After approval of your comment, your profile picture is visible to the public in the context of your comment.<\/p>\n\n\n\n<h3 class=\"wp-block-heading\">Media<\/h3>\n\n\n\n<p>If you upload images to the website, you should avoid uploading images with embedded location data (EXIF GPS) included. Visitors to the website can download and extract any location data from images on the website.<\/p>\n\n\n\n<h3 class=\"wp-block-heading\">Contact forms<\/h3>\n\n\n\n<p>By filling in the contact form with your data, you authorize this website to use these details to reply to requests for information, quotes or any other kind of request as indicated by the form\u2019s intention.<\/p>\n\n\n\n<p>Typical Personal Data collected: email address, first name, last name and phone number.<\/p>\n\n\n\n<h3 class=\"wp-block-heading\">Newsletter<\/h3>\n\n\n\n<p>By registering on the mailing list or for the newsletter, your email address will be added to the contact list of those who may receive email messages containing information of commercial or promotional nature concerning this website. Your email address might also be added to this list as a result of signing up to this website or after making a purchase.<\/p>\n\n\n\n<p>Typical Personal Data collected: first name, last name and email address.<\/p>\n\n\n\n<h3 class=\"wp-block-heading\">Cookies<\/h3>\n\n\n\n<p>If you leave a comment on our site you allow saving your name, email address and website in cookies. These are for your convenience so that you do not have to fill in your details again when you leave another comment. These cookies will last for one year.<\/p>\n\n\n\n<p>If you have an account and you log in to this site, we will set a temporary cookie to determine if your browser accepts cookies. This cookie contains no personal data and is discarded when you close your browser.<\/p>\n\n\n\n<p>When you log in, we will also set up several cookies to save your login information and your screen display choices. Login cookies last for two days, and screen options cookies last for a year. If you select \u201cRemember Me\u201d, your login will persist for two weeks. If you log out of your account, the login cookies will be removed.<\/p>\n\n\n\n<p>If you edit or publish an article, an additional cookie will be saved in your browser. This cookie includes no personal data and simply indicates the post ID of the article you just edited. It expires after 1 day.<\/p>\n\n\n\n<h3 class=\"wp-block-heading\">Embedded content from other websites<\/h3>\n\n\n\n<p>Articles on this site may include embedded content (e.g. videos, images, articles, etc.). Embedded content from other websites behaves in the exact same way as if the visitor has visited the other website.<\/p>\n\n\n\n<p>These websites may collect data about you, use cookies, embed additional third-party tracking, and monitor your interaction with that embedded content, including tracing your interaction with the embedded content if you have an account and are logged in to that website.<\/p>\n\n\n\n<h3 class=\"wp-block-heading\">Analytics<\/h3>\n\n\n\n<p>Google Analytics is a web analysis service provided by Google Inc. (\u201cGoogle\u201d). Google utilizes the Data collected to track and examine the use of this website, to prepare reports on its activities and share them with other Google services.<\/p>\n\n\n\n<p>Google may use the Data collected to contextualize and personalize the ads of its own advertising network.<\/p>\n\n\n\n<p>Personal Data collected: Cookies and Usage Data.<\/p>\n\n\n\n<p>Place of processing: United States \u2013 Privacy Policy \u2013 Opt Out. Privacy Shield participant.<\/p>\n\n\n\n<p>Facebook Like button and social widgets (Facebook, Inc.)<\/p>\n\n\n\n<p>The Facebook Like button and social widgets are services allowing interaction with the Facebook social network provided by Facebook, Inc.<\/p>\n\n\n\n<p>Personal Data collected: Cookies and Usage Data.<\/p>\n\n\n\n<p>Place of processing: United States \u2013 Privacy Policy. Privacy Shield participant.<\/p>\n\n\n\n<h2 class=\"wp-block-heading\">How long we retain your data<\/h2>\n\n\n\n<p>If you leave a comment, the comment and its metadata are retained indefinitely. This is so we can recognize and approve any follow-up comments automatically instead of holding them in a moderation queue.<\/p>\n\n\n\n<p>For users that register on our website (if any), we also store the personal information they provide in their user profile. All users can see, edit, or delete their personal information at any time (except they cannot change their username). Website administrators can also see and edit that information.<\/p>\n\n\n\n<h2 class=\"wp-block-heading\">What rights you have over your data<\/h2>\n\n\n\n<p>If you have an account on this site, or have left comments, you can request to receive an exported file of the personal data we hold about you, including any data you have provided to us. You can also request that we erase any personal data we hold about you. This does not include any data we are obliged to keep for administrative, legal, or security purposes.<\/p>\n\n\n\n<h3 class=\"wp-block-heading\">Your rights as a data subject<\/h3>\n\n\n\n<p>At any point whilst we are in possession of or processing your personal data, all data subjects, have the following rights:<\/p>\n\n\n\n<ul class=\"wp-block-list\">\n<li>Right of access \u2013 you have the right to request a copy of the information that we hold about you.<\/li>\n\n\n\n<li>Right of rectification \u2013 you have a right to correct data that we hold about you that is inaccurate or incomplete.<\/li>\n\n\n\n<li>Right to be forgotten \u2013 in certain circumstances you can ask for the data we hold about you to be erased from our records.<\/li>\n\n\n\n<li>Right to restriction of processing \u2013 where certain conditions apply to have a right to restrict the processing.<\/li>\n\n\n\n<li>Right of portability \u2013 you have the right to have the data we hold about you transferred to another organisation.<\/li>\n\n\n\n<li>Right to object \u2013 you have the right to object to certain types of processing such as direct marketing.<\/li>\n\n\n\n<li>Right to object to automated processing, including profiling \u2013 you also have the right to be subject to the legal effects of automated processing or profiling.<\/li>\n\n\n\n<li>Contact us via the contact information listed below if you wish to exercise your right.<\/li>\n<\/ul>\n\n\n\n<h2 class=\"wp-block-heading\">Where we send your data<\/h2>\n\n\n\n<p>Visitor comments may be checked through an automated spam detection service.<\/p>\n\n\n\n<p>All data is hosted on servers located in the United Kingdom.<\/p>\n\n\n\n<h2 class=\"wp-block-heading\">Contact information<\/h2>\n\n\n\n<p>Hotel Havgr\u00edm Seaside Hotel<br>Yvir vi\u00f0 Strond 14<br>FO-100 T\u00f3rshavn<br>Faroe Islands<br>Email: booking@havgrim.fo<br>Phone: +298 201400<\/p>\n\n\n\n<div style=\"height:100px\" aria-hidden=\"true\" class=\"wp-block-spacer\"><\/div>\n","protected":false},"excerpt":{"rendered":"<p>The Faroese Data Protection Act, regulation issued on the basis of the DPA, and The General Data Protection Regulations (GDPR) which is EU wide, seek to protect and enhance the rights of data subjects. These rights cover the safeguarding of personal data, protection against the unlawful processing of personal data and the unrestricted movement of [&hellip;]<\/p>\n","protected":false},"author":1,"featured_media":0,"parent":0,"menu_order":0,"comment_status":"closed","ping_status":"closed","template":"","meta":{"_acf_changed":false,"footnotes":""},"class_list":["post-1885","page","type-page","status-publish","hentry"],"acf":[],"yoast_head":"<!-- This site is optimized with the Yoast SEO plugin v27.3 - https:\/\/yoast.com\/product\/yoast-seo-wordpress\/ -->\n<title>Privacy Policy - Havgr\u00edm Seaside Hotel 1948<\/title>\n<meta name=\"robots\" content=\"index, follow, max-snippet:-1, max-image-preview:large, max-video-preview:-1\" \/>\n<link rel=\"canonical\" href=\"https:\/\/www.havgrim.fo\/en\/privacy-policy\/\" \/>\n<meta property=\"og:locale\" content=\"en_US\" \/>\n<meta property=\"og:type\" content=\"article\" \/>\n<meta property=\"og:title\" content=\"Privacy Policy - Havgr\u00edm Seaside Hotel 1948\" \/>\n<meta property=\"og:description\" content=\"The Faroese Data Protection Act, regulation issued on the basis of the DPA, and The General Data Protection Regulations (GDPR) which is EU wide, seek to protect and enhance the rights of data subjects. These rights cover the safeguarding of personal data, protection against the unlawful processing of personal data and the unrestricted movement of [&hellip;]\" \/>\n<meta property=\"og:url\" content=\"https:\/\/www.havgrim.fo\/en\/privacy-policy\/\" \/>\n<meta property=\"og:site_name\" content=\"Havgr\u00edm Seaside Hotel 1948\" \/>\n<meta property=\"article:modified_time\" content=\"2023-03-07T10:03:19+00:00\" \/>\n<meta property=\"og:image\" content=\"https:\/\/www.havgrim.fo\/wp-content\/uploads\/2021\/11\/Havgrim-Timelapse-m4v-image.jpg\" \/>\n<meta name=\"twitter:card\" content=\"summary_large_image\" \/>\n<meta name=\"twitter:label1\" content=\"Est. reading time\" \/>\n\t<meta name=\"twitter:data1\" content=\"6 minutes\" \/>\n<script type=\"application\/ld+json\" class=\"yoast-schema-graph\">{\"@context\":\"https:\\\/\\\/schema.org\",\"@graph\":[{\"@type\":\"WebPage\",\"@id\":\"https:\\\/\\\/www.havgrim.fo\\\/en\\\/privacy-policy\\\/\",\"url\":\"https:\\\/\\\/www.havgrim.fo\\\/en\\\/privacy-policy\\\/\",\"name\":\"Privacy Policy - Havgr\u00edm Seaside Hotel 1948\",\"isPartOf\":{\"@id\":\"https:\\\/\\\/www.havgrim.fo\\\/en\\\/#website\"},\"primaryImageOfPage\":{\"@id\":\"https:\\\/\\\/www.havgrim.fo\\\/en\\\/privacy-policy\\\/#primaryimage\"},\"image\":{\"@id\":\"https:\\\/\\\/www.havgrim.fo\\\/en\\\/privacy-policy\\\/#primaryimage\"},\"thumbnailUrl\":\"https:\\\/\\\/www.havgrim.fo\\\/wp-content\\\/uploads\\\/2021\\\/11\\\/Havgrim-Timelapse-m4v-image.jpg\",\"datePublished\":\"2021-12-07T10:51:13+00:00\",\"dateModified\":\"2023-03-07T10:03:19+00:00\",\"breadcrumb\":{\"@id\":\"https:\\\/\\\/www.havgrim.fo\\\/en\\\/privacy-policy\\\/#breadcrumb\"},\"inLanguage\":\"en-US\",\"potentialAction\":[{\"@type\":\"ReadAction\",\"target\":[\"https:\\\/\\\/www.havgrim.fo\\\/en\\\/privacy-policy\\\/\"]}]},{\"@type\":\"ImageObject\",\"inLanguage\":\"en-US\",\"@id\":\"https:\\\/\\\/www.havgrim.fo\\\/en\\\/privacy-policy\\\/#primaryimage\",\"url\":\"https:\\\/\\\/www.havgrim.fo\\\/wp-content\\\/uploads\\\/2021\\\/11\\\/Havgrim-Timelapse-m4v-image.jpg\",\"contentUrl\":\"https:\\\/\\\/www.havgrim.fo\\\/wp-content\\\/uploads\\\/2021\\\/11\\\/Havgrim-Timelapse-m4v-image.jpg\"},{\"@type\":\"BreadcrumbList\",\"@id\":\"https:\\\/\\\/www.havgrim.fo\\\/en\\\/privacy-policy\\\/#breadcrumb\",\"itemListElement\":[{\"@type\":\"ListItem\",\"position\":1,\"name\":\"Home\",\"item\":\"https:\\\/\\\/www.havgrim.fo\\\/en\\\/\"},{\"@type\":\"ListItem\",\"position\":2,\"name\":\"Privacy Policy\"}]},{\"@type\":\"WebSite\",\"@id\":\"https:\\\/\\\/www.havgrim.fo\\\/en\\\/#website\",\"url\":\"https:\\\/\\\/www.havgrim.fo\\\/en\\\/\",\"name\":\"Havgr\u00edm Seaside Hotel 1948\",\"description\":\"Havgr\u00edm Seaside Hotel 1948\",\"potentialAction\":[{\"@type\":\"SearchAction\",\"target\":{\"@type\":\"EntryPoint\",\"urlTemplate\":\"https:\\\/\\\/www.havgrim.fo\\\/en\\\/?s={search_term_string}\"},\"query-input\":{\"@type\":\"PropertyValueSpecification\",\"valueRequired\":true,\"valueName\":\"search_term_string\"}}],\"inLanguage\":\"en-US\"}]}<\/script>\n<!-- \/ Yoast SEO plugin. -->","yoast_head_json":{"title":"Privacy Policy - Havgr\u00edm Seaside Hotel 1948","robots":{"index":"index","follow":"follow","max-snippet":"max-snippet:-1","max-image-preview":"max-image-preview:large","max-video-preview":"max-video-preview:-1"},"canonical":"https:\/\/www.havgrim.fo\/en\/privacy-policy\/","og_locale":"en_US","og_type":"article","og_title":"Privacy Policy - Havgr\u00edm Seaside Hotel 1948","og_description":"The Faroese Data Protection Act, regulation issued on the basis of the DPA, and The General Data Protection Regulations (GDPR) which is EU wide, seek to protect and enhance the rights of data subjects. These rights cover the safeguarding of personal data, protection against the unlawful processing of personal data and the unrestricted movement of [&hellip;]","og_url":"https:\/\/www.havgrim.fo\/en\/privacy-policy\/","og_site_name":"Havgr\u00edm Seaside Hotel 1948","article_modified_time":"2023-03-07T10:03:19+00:00","og_image":[{"url":"https:\/\/www.havgrim.fo\/wp-content\/uploads\/2021\/11\/Havgrim-Timelapse-m4v-image.jpg","type":"","width":"","height":""}],"twitter_card":"summary_large_image","twitter_misc":{"Est. reading time":"6 minutes"},"schema":{"@context":"https:\/\/schema.org","@graph":[{"@type":"WebPage","@id":"https:\/\/www.havgrim.fo\/en\/privacy-policy\/","url":"https:\/\/www.havgrim.fo\/en\/privacy-policy\/","name":"Privacy Policy - Havgr\u00edm Seaside Hotel 1948","isPartOf":{"@id":"https:\/\/www.havgrim.fo\/en\/#website"},"primaryImageOfPage":{"@id":"https:\/\/www.havgrim.fo\/en\/privacy-policy\/#primaryimage"},"image":{"@id":"https:\/\/www.havgrim.fo\/en\/privacy-policy\/#primaryimage"},"thumbnailUrl":"https:\/\/www.havgrim.fo\/wp-content\/uploads\/2021\/11\/Havgrim-Timelapse-m4v-image.jpg","datePublished":"2021-12-07T10:51:13+00:00","dateModified":"2023-03-07T10:03:19+00:00","breadcrumb":{"@id":"https:\/\/www.havgrim.fo\/en\/privacy-policy\/#breadcrumb"},"inLanguage":"en-US","potentialAction":[{"@type":"ReadAction","target":["https:\/\/www.havgrim.fo\/en\/privacy-policy\/"]}]},{"@type":"ImageObject","inLanguage":"en-US","@id":"https:\/\/www.havgrim.fo\/en\/privacy-policy\/#primaryimage","url":"https:\/\/www.havgrim.fo\/wp-content\/uploads\/2021\/11\/Havgrim-Timelapse-m4v-image.jpg","contentUrl":"https:\/\/www.havgrim.fo\/wp-content\/uploads\/2021\/11\/Havgrim-Timelapse-m4v-image.jpg"},{"@type":"BreadcrumbList","@id":"https:\/\/www.havgrim.fo\/en\/privacy-policy\/#breadcrumb","itemListElement":[{"@type":"ListItem","position":1,"name":"Home","item":"https:\/\/www.havgrim.fo\/en\/"},{"@type":"ListItem","position":2,"name":"Privacy Policy"}]},{"@type":"WebSite","@id":"https:\/\/www.havgrim.fo\/en\/#website","url":"https:\/\/www.havgrim.fo\/en\/","name":"Havgr\u00edm Seaside Hotel 1948","description":"Havgr\u00edm Seaside Hotel 1948","potentialAction":[{"@type":"SearchAction","target":{"@type":"EntryPoint","urlTemplate":"https:\/\/www.havgrim.fo\/en\/?s={search_term_string}"},"query-input":{"@type":"PropertyValueSpecification","valueRequired":true,"valueName":"search_term_string"}}],"inLanguage":"en-US"}]}},"_links":{"self":[{"href":"https:\/\/www.havgrim.fo\/en\/wp-json\/wp\/v2\/pages\/1885","targetHints":{"allow":["GET"]}}],"collection":[{"href":"https:\/\/www.havgrim.fo\/en\/wp-json\/wp\/v2\/pages"}],"about":[{"href":"https:\/\/www.havgrim.fo\/en\/wp-json\/wp\/v2\/types\/page"}],"author":[{"embeddable":true,"href":"https:\/\/www.havgrim.fo\/en\/wp-json\/wp\/v2\/users\/1"}],"replies":[{"embeddable":true,"href":"https:\/\/www.havgrim.fo\/en\/wp-json\/wp\/v2\/comments?post=1885"}],"version-history":[{"count":5,"href":"https:\/\/www.havgrim.fo\/en\/wp-json\/wp\/v2\/pages\/1885\/revisions"}],"predecessor-version":[{"id":2646,"href":"https:\/\/www.havgrim.fo\/en\/wp-json\/wp\/v2\/pages\/1885\/revisions\/2646"}],"wp:attachment":[{"href":"https:\/\/www.havgrim.fo\/en\/wp-json\/wp\/v2\/media?parent=1885"}],"curies":[{"name":"wp","href":"https:\/\/api.w.org\/{rel}","templated":true}]}}