{"id":662,"date":"2021-11-08T10:15:19","date_gmt":"2021-11-08T10:15:19","guid":{"rendered":"https:\/\/www.havgrim.fo\/?page_id=662"},"modified":"2022-07-02T23:17:54","modified_gmt":"2022-07-02T23:17:54","slug":"contact-us","status":"publish","type":"page","link":"https:\/\/www.havgrim.fo\/en\/contact-us\/","title":{"rendered":"Contact us"},"content":{"rendered":"\n<div class=\"wp-block-cover alignfull is-light\" style=\"min-height:440px;aspect-ratio:unset;\"><span aria-hidden=\"true\" class=\"wp-block-cover__background has-third-background-color has-background-dim-20 has-background-dim\"><\/span><img loading=\"lazy\" decoding=\"async\" width=\"2048\" height=\"1536\" class=\"wp-block-cover__image-background wp-image-2548\" alt=\"\" src=\"https:\/\/www.havgrim.fo\/wp-content\/uploads\/2022\/07\/DSCF7482.jpg\" style=\"object-position:80% 84%\" data-object-fit=\"cover\" data-object-position=\"80% 84%\" srcset=\"https:\/\/www.havgrim.fo\/wp-content\/uploads\/2022\/07\/DSCF7482.jpg 2048w, https:\/\/www.havgrim.fo\/wp-content\/uploads\/2022\/07\/DSCF7482-800x600.jpg 800w, https:\/\/www.havgrim.fo\/wp-content\/uploads\/2022\/07\/DSCF7482-1800x1350.jpg 1800w, https:\/\/www.havgrim.fo\/wp-content\/uploads\/2022\/07\/DSCF7482-768x576.jpg 768w, https:\/\/www.havgrim.fo\/wp-content\/uploads\/2022\/07\/DSCF7482-1536x1152.jpg 1536w, https:\/\/www.havgrim.fo\/wp-content\/uploads\/2022\/07\/DSCF7482-600x450.jpg 600w\" sizes=\"auto, (max-width: 2048px) 100vw, 2048px\" \/><div class=\"wp-block-cover__inner-container is-layout-flow wp-block-cover-is-layout-flow\">\n<p class=\"has-text-align-center has-large-font-size\"><\/p>\n<\/div><\/div>\n\n\n\n<div style=\"height:43px\" aria-hidden=\"true\" class=\"wp-block-spacer\"><\/div>\n\n\n\n<div style=\"height:56px\" aria-hidden=\"true\" class=\"wp-block-spacer\"><\/div>\n\n\n\n<div class=\"wp-block-columns alignwide is-layout-flex wp-container-core-columns-is-layout-9d6595d7 wp-block-columns-is-layout-flex\">\n<div class=\"wp-block-column is-layout-flow wp-block-column-is-layout-flow\">\n<p class=\"has-text-align-left\">Havgr\u00edm Seaside Hotel 1948<br>Yviri vi\u00f0 Strond 14<br>FO-100 T\u00f3rshavn<br>Faroe Islands<\/p>\n<\/div>\n\n\n\n<div class=\"wp-block-column is-layout-flow wp-block-column-is-layout-flow\">\n<p>Phone +298 201400<br>E-mail booking@havgrim.fo<\/p>\n<\/div>\n\n\n\n<div class=\"wp-block-column is-layout-flow wp-block-column-is-layout-flow\">\n<p>CVR: 623016<br>IBAN: FO7198650003094906<br>SWIFT: NOYAFO21<\/p>\n<\/div>\n<\/div>\n\n\n\n<p><\/p>\n\n\n\n<div class=\"wp-block-columns is-layout-flex wp-container-core-columns-is-layout-9d6595d7 wp-block-columns-is-layout-flex\">\n<div class=\"wp-block-column is-layout-flow wp-block-column-is-layout-flow\" style=\"flex-basis:100%\"><\/div>\n<\/div>\n\n\n\n<p><br><\/p>\n\n\n\n<iframe src=\"https:\/\/www.google.com\/maps\/embed?pb=!1m18!1m12!1m3!1d1872.4784570008983!2d-6.76109868328256!3d62.010209982675775!2m3!1f0!2f0!3f0!3m2!1i1024!2i768!4f13.1!3m3!1m2!1s0x48bc31fdcfd11d59%3A0xb110b368c68f7b1d!2sHavgr%C3%ADm%20Seaside%20Hotel%201948!5e0!3m2!1sen!2s!4v1636379810607!5m2!1sen!2s\" style=\"border:0; width: 100%;\" allowfullscreen=\"\" loading=\"lazy\" width=\"600\" height=\"450\"><\/iframe>\n\n\n\n<div style=\"height:100px\" aria-hidden=\"true\" class=\"wp-block-spacer\"><\/div>\n\n\n\n<p><\/p>\n","protected":false},"excerpt":{"rendered":"<p>Havgr\u00edm Seaside Hotel 1948Yviri vi\u00f0 Strond 14FO-100 T\u00f3rshavnFaroe Islands Phone +298 201400E-mail booking@havgrim.fo CVR: 623016IBAN: FO7198650003094906SWIFT: NOYAFO21<\/p>\n","protected":false},"author":1,"featured_media":0,"parent":0,"menu_order":0,"comment_status":"closed","ping_status":"closed","template":"","meta":{"_acf_changed":false,"footnotes":""},"class_list":["post-662","page","type-page","status-publish","hentry"],"acf":[],"yoast_head":"<!-- This site is optimized with the Yoast SEO plugin v27.3 - https:\/\/yoast.com\/product\/yoast-seo-wordpress\/ -->\n<title>Contact us - Havgr\u00edm Seaside Hotel 1948<\/title>\n<meta name=\"robots\" content=\"index, follow, max-snippet:-1, max-image-preview:large, max-video-preview:-1\" \/>\n<link rel=\"canonical\" href=\"https:\/\/www.havgrim.fo\/en\/contact-us\/\" \/>\n<meta property=\"og:locale\" content=\"en_US\" \/>\n<meta property=\"og:type\" content=\"article\" \/>\n<meta property=\"og:title\" content=\"Contact us - Havgr\u00edm Seaside Hotel 1948\" \/>\n<meta property=\"og:description\" content=\"Havgr\u00edm Seaside Hotel 1948Yviri vi\u00f0 Strond 14FO-100 T\u00f3rshavnFaroe Islands Phone +298 201400E-mail booking@havgrim.fo CVR: 623016IBAN: FO7198650003094906SWIFT: NOYAFO21\" \/>\n<meta property=\"og:url\" content=\"https:\/\/www.havgrim.fo\/en\/contact-us\/\" \/>\n<meta property=\"og:site_name\" content=\"Havgr\u00edm Seaside Hotel 1948\" \/>\n<meta property=\"article:modified_time\" content=\"2022-07-02T23:17:54+00:00\" \/>\n<meta property=\"og:image\" content=\"https:\/\/www.havgrim.fo\/wp-content\/uploads\/2022\/07\/DSCF7482.jpg\" \/>\n<meta name=\"twitter:card\" content=\"summary_large_image\" \/>\n<meta name=\"twitter:label1\" content=\"Est. reading time\" \/>\n\t<meta name=\"twitter:data1\" content=\"1 minute\" \/>\n<script type=\"application\/ld+json\" class=\"yoast-schema-graph\">{\"@context\":\"https:\\\/\\\/schema.org\",\"@graph\":[{\"@type\":\"WebPage\",\"@id\":\"https:\\\/\\\/www.havgrim.fo\\\/en\\\/contact-us\\\/\",\"url\":\"https:\\\/\\\/www.havgrim.fo\\\/en\\\/contact-us\\\/\",\"name\":\"Contact us - Havgr\u00edm Seaside Hotel 1948\",\"isPartOf\":{\"@id\":\"https:\\\/\\\/www.havgrim.fo\\\/en\\\/#website\"},\"primaryImageOfPage\":{\"@id\":\"https:\\\/\\\/www.havgrim.fo\\\/en\\\/contact-us\\\/#primaryimage\"},\"image\":{\"@id\":\"https:\\\/\\\/www.havgrim.fo\\\/en\\\/contact-us\\\/#primaryimage\"},\"thumbnailUrl\":\"https:\\\/\\\/www.havgrim.fo\\\/wp-content\\\/uploads\\\/2022\\\/07\\\/DSCF7482.jpg\",\"datePublished\":\"2021-11-08T10:15:19+00:00\",\"dateModified\":\"2022-07-02T23:17:54+00:00\",\"breadcrumb\":{\"@id\":\"https:\\\/\\\/www.havgrim.fo\\\/en\\\/contact-us\\\/#breadcrumb\"},\"inLanguage\":\"en-US\",\"potentialAction\":[{\"@type\":\"ReadAction\",\"target\":[\"https:\\\/\\\/www.havgrim.fo\\\/en\\\/contact-us\\\/\"]}]},{\"@type\":\"ImageObject\",\"inLanguage\":\"en-US\",\"@id\":\"https:\\\/\\\/www.havgrim.fo\\\/en\\\/contact-us\\\/#primaryimage\",\"url\":\"https:\\\/\\\/www.havgrim.fo\\\/wp-content\\\/uploads\\\/2022\\\/07\\\/DSCF7482.jpg\",\"contentUrl\":\"https:\\\/\\\/www.havgrim.fo\\\/wp-content\\\/uploads\\\/2022\\\/07\\\/DSCF7482.jpg\"},{\"@type\":\"BreadcrumbList\",\"@id\":\"https:\\\/\\\/www.havgrim.fo\\\/en\\\/contact-us\\\/#breadcrumb\",\"itemListElement\":[{\"@type\":\"ListItem\",\"position\":1,\"name\":\"Home\",\"item\":\"https:\\\/\\\/www.havgrim.fo\\\/en\\\/\"},{\"@type\":\"ListItem\",\"position\":2,\"name\":\"Contact us\"}]},{\"@type\":\"WebSite\",\"@id\":\"https:\\\/\\\/www.havgrim.fo\\\/en\\\/#website\",\"url\":\"https:\\\/\\\/www.havgrim.fo\\\/en\\\/\",\"name\":\"Havgr\u00edm Seaside Hotel 1948\",\"description\":\"Havgr\u00edm Seaside Hotel 1948\",\"potentialAction\":[{\"@type\":\"SearchAction\",\"target\":{\"@type\":\"EntryPoint\",\"urlTemplate\":\"https:\\\/\\\/www.havgrim.fo\\\/en\\\/?s={search_term_string}\"},\"query-input\":{\"@type\":\"PropertyValueSpecification\",\"valueRequired\":true,\"valueName\":\"search_term_string\"}}],\"inLanguage\":\"en-US\"}]}<\/script>\n<!-- \/ Yoast SEO plugin. -->","yoast_head_json":{"title":"Contact us - Havgr\u00edm Seaside Hotel 1948","robots":{"index":"index","follow":"follow","max-snippet":"max-snippet:-1","max-image-preview":"max-image-preview:large","max-video-preview":"max-video-preview:-1"},"canonical":"https:\/\/www.havgrim.fo\/en\/contact-us\/","og_locale":"en_US","og_type":"article","og_title":"Contact us - Havgr\u00edm Seaside Hotel 1948","og_description":"Havgr\u00edm Seaside Hotel 1948Yviri vi\u00f0 Strond 14FO-100 T\u00f3rshavnFaroe Islands Phone +298 201400E-mail booking@havgrim.fo CVR: 623016IBAN: FO7198650003094906SWIFT: NOYAFO21","og_url":"https:\/\/www.havgrim.fo\/en\/contact-us\/","og_site_name":"Havgr\u00edm Seaside Hotel 1948","article_modified_time":"2022-07-02T23:17:54+00:00","og_image":[{"url":"https:\/\/www.havgrim.fo\/wp-content\/uploads\/2022\/07\/DSCF7482.jpg","type":"","width":"","height":""}],"twitter_card":"summary_large_image","twitter_misc":{"Est. reading time":"1 minute"},"schema":{"@context":"https:\/\/schema.org","@graph":[{"@type":"WebPage","@id":"https:\/\/www.havgrim.fo\/en\/contact-us\/","url":"https:\/\/www.havgrim.fo\/en\/contact-us\/","name":"Contact us - Havgr\u00edm Seaside Hotel 1948","isPartOf":{"@id":"https:\/\/www.havgrim.fo\/en\/#website"},"primaryImageOfPage":{"@id":"https:\/\/www.havgrim.fo\/en\/contact-us\/#primaryimage"},"image":{"@id":"https:\/\/www.havgrim.fo\/en\/contact-us\/#primaryimage"},"thumbnailUrl":"https:\/\/www.havgrim.fo\/wp-content\/uploads\/2022\/07\/DSCF7482.jpg","datePublished":"2021-11-08T10:15:19+00:00","dateModified":"2022-07-02T23:17:54+00:00","breadcrumb":{"@id":"https:\/\/www.havgrim.fo\/en\/contact-us\/#breadcrumb"},"inLanguage":"en-US","potentialAction":[{"@type":"ReadAction","target":["https:\/\/www.havgrim.fo\/en\/contact-us\/"]}]},{"@type":"ImageObject","inLanguage":"en-US","@id":"https:\/\/www.havgrim.fo\/en\/contact-us\/#primaryimage","url":"https:\/\/www.havgrim.fo\/wp-content\/uploads\/2022\/07\/DSCF7482.jpg","contentUrl":"https:\/\/www.havgrim.fo\/wp-content\/uploads\/2022\/07\/DSCF7482.jpg"},{"@type":"BreadcrumbList","@id":"https:\/\/www.havgrim.fo\/en\/contact-us\/#breadcrumb","itemListElement":[{"@type":"ListItem","position":1,"name":"Home","item":"https:\/\/www.havgrim.fo\/en\/"},{"@type":"ListItem","position":2,"name":"Contact us"}]},{"@type":"WebSite","@id":"https:\/\/www.havgrim.fo\/en\/#website","url":"https:\/\/www.havgrim.fo\/en\/","name":"Havgr\u00edm Seaside Hotel 1948","description":"Havgr\u00edm Seaside Hotel 1948","potentialAction":[{"@type":"SearchAction","target":{"@type":"EntryPoint","urlTemplate":"https:\/\/www.havgrim.fo\/en\/?s={search_term_string}"},"query-input":{"@type":"PropertyValueSpecification","valueRequired":true,"valueName":"search_term_string"}}],"inLanguage":"en-US"}]}},"_links":{"self":[{"href":"https:\/\/www.havgrim.fo\/en\/wp-json\/wp\/v2\/pages\/662","targetHints":{"allow":["GET"]}}],"collection":[{"href":"https:\/\/www.havgrim.fo\/en\/wp-json\/wp\/v2\/pages"}],"about":[{"href":"https:\/\/www.havgrim.fo\/en\/wp-json\/wp\/v2\/types\/page"}],"author":[{"embeddable":true,"href":"https:\/\/www.havgrim.fo\/en\/wp-json\/wp\/v2\/users\/1"}],"replies":[{"embeddable":true,"href":"https:\/\/www.havgrim.fo\/en\/wp-json\/wp\/v2\/comments?post=662"}],"version-history":[{"count":36,"href":"https:\/\/www.havgrim.fo\/en\/wp-json\/wp\/v2\/pages\/662\/revisions"}],"predecessor-version":[{"id":2561,"href":"https:\/\/www.havgrim.fo\/en\/wp-json\/wp\/v2\/pages\/662\/revisions\/2561"}],"wp:attachment":[{"href":"https:\/\/www.havgrim.fo\/en\/wp-json\/wp\/v2\/media?parent=662"}],"curies":[{"name":"wp","href":"https:\/\/api.w.org\/{rel}","templated":true}]}}